{"id":113,"date":"2025-03-01T05:14:47","date_gmt":"2025-03-01T05:14:47","guid":{"rendered":"https:\/\/wp.unimodelonayarit.edu.mx\/?page_id=113"},"modified":"2025-03-02T20:51:20","modified_gmt":"2025-03-02T20:51:20","slug":"avisos-de-privacidad","status":"publish","type":"page","link":"https:\/\/wp.unimodelonayarit.edu.mx\/index.php\/avisos-de-privacidad\/","title":{"rendered":"Avisos de privacidad"},"content":{"rendered":"\n<h2 class=\"wp-block-heading has-text-align-center has-background-color has-text-color has-link-color wp-elements-0bd16639ab7f86e8cd6c598251369aa8\">Aviso de privacidad<\/h2>\n\n\n\n<p class=\"has-background-color has-text-color has-link-color wp-elements-06a9099f1faebb3ea6e19638989f6d98\">La <strong>UNIVERSIDAD MODELO DE NAYARIT<\/strong> garantiza que la informaci\u00f3n personal que usted env\u00eda cuenta con la seguridad necesaria. Los datos ingresados por el usuario no ser\u00e1n entregados a terceros, salvo que deba ser revelada en cumplimiento a una orden judicial o requerimientos legales. La <strong>UNIVERSIDAD MODELO DE NAYARIT<\/strong> no env\u00eda boletines de correos electr\u00f3nicos publicitarios desde la plataforma<strong> COGNOESCOLAR<\/strong>.<br><br>La <strong>UNIVERSIDAD MODELO DE NAYARIT<\/strong> se reserva los derechos de cambiar o de modificar estos t\u00e9rminos sin previo aviso.<\/p>\n\n\n\n<p><\/p>\n","protected":false},"excerpt":{"rendered":"<p>Aviso de privacidad La UNIVERSIDAD MODELO DE NAYARIT garantiza que la informaci\u00f3n personal que usted env\u00eda cuenta con la seguridad necesaria. Los datos ingresados por el usuario no ser\u00e1n entregados a terceros, salvo que deba ser revelada en cumplimiento a una orden judicial o requerimientos legales. La UNIVERSIDAD MODELO DE NAYARIT no env\u00eda boletines de [&hellip;]<\/p>\n","protected":false},"author":1,"featured_media":0,"parent":0,"menu_order":0,"comment_status":"closed","ping_status":"closed","template":"","meta":{"footnotes":""},"class_list":["post-113","page","type-page","status-publish","hentry"],"_links":{"self":[{"href":"https:\/\/wp.unimodelonayarit.edu.mx\/index.php\/wp-json\/wp\/v2\/pages\/113","targetHints":{"allow":["GET"]}}],"collection":[{"href":"https:\/\/wp.unimodelonayarit.edu.mx\/index.php\/wp-json\/wp\/v2\/pages"}],"about":[{"href":"https:\/\/wp.unimodelonayarit.edu.mx\/index.php\/wp-json\/wp\/v2\/types\/page"}],"author":[{"embeddable":true,"href":"https:\/\/wp.unimodelonayarit.edu.mx\/index.php\/wp-json\/wp\/v2\/users\/1"}],"replies":[{"embeddable":true,"href":"https:\/\/wp.unimodelonayarit.edu.mx\/index.php\/wp-json\/wp\/v2\/comments?post=113"}],"version-history":[{"count":5,"href":"https:\/\/wp.unimodelonayarit.edu.mx\/index.php\/wp-json\/wp\/v2\/pages\/113\/revisions"}],"predecessor-version":[{"id":239,"href":"https:\/\/wp.unimodelonayarit.edu.mx\/index.php\/wp-json\/wp\/v2\/pages\/113\/revisions\/239"}],"wp:attachment":[{"href":"https:\/\/wp.unimodelonayarit.edu.mx\/index.php\/wp-json\/wp\/v2\/media?parent=113"}],"curies":[{"name":"wp","href":"https:\/\/api.w.org\/{rel}","templated":true}]}}