{"id":3,"date":"2025-02-18T16:55:59","date_gmt":"2025-02-18T16:55:59","guid":{"rendered":"https:\/\/wp.unimodelonayarit.edu.mx\/?page_id=3"},"modified":"2025-03-08T22:29:11","modified_gmt":"2025-03-08T22:29:11","slug":"privacy-policy","status":"publish","type":"page","link":"https:\/\/wp.unimodelonayarit.edu.mx\/index.php\/privacy-policy\/","title":{"rendered":"T\u00e9rminos y condiciones"},"content":{"rendered":"\n<h2 class=\"wp-block-heading has-text-align-center has-base-color has-text-color has-link-color wp-elements-2f0577ed53d917f0e3af9e2319895427\">T\u00e9rminos y condiciones de uso<\/h2>\n\n\n\n<p>Este contrato describe los t\u00e9rminos y condiciones generales aplicables a los mecanismos de pago de los servicios educativos ofrecidos por la UNIVERSIDAD MODELO DE NAYARIT en cualquiera de sus modalidades: escolarizada, mixta o a distancia.<\/p>\n\n\n\n<h2 class=\"wp-block-heading has-text-align-center has-base-color has-text-color has-link-color wp-elements-9a6d57cfc4365518ea3bbc5cb13552cc\">Informaci\u00f3n relevante<\/h2>\n\n\n\n<p>Es requisito necesario para el uso de los mecanismos de pago que se ofrecen en la plataforma <strong>COGNOESCOLAR<\/strong>, que lea y acepte los siguientes T\u00e9rminos y Condiciones que a continuaci\u00f3n se redactan. El uso de nuestros mecanismos de pago implicar\u00e1 que usted ha le\u00eddo y aceptado los T\u00e9rminos y Condiciones de Uso en el presente documento.<br><br>Para el uso de los mecanismos de pago, debe contar con una clave de usuario y contrase\u00f1a otorgada por la <strong>UNIVERSIDAD MODELO DE NAYARIT<\/strong>, misma que es entregada \u00fanicamente a alumnos inscritos. Una vez dentro de su portal personal, el usuario puede elegir y cambiar la clave para su acceso de administraci\u00f3n de la cuenta en cualquier momento, la <strong>UNIVERSIDAD MODELO DE NAYARIT<\/strong> y <strong>COGNOESCOLAR<\/strong> no asumen la responsabilidad en caso de que entregue dicha clave a terceros.<br><br>Todos los pagos de servicios que se lleven a cabo por medio de este sitio web, est\u00e1n sujetas a un proceso de confirmaci\u00f3n y verificaci\u00f3n, el cual podr\u00eda incluir la validaci\u00f3n de la forma de pago y el cumplimiento de las condiciones requeridas por el medio de pago seleccionado. En algunos casos puede que se requiera una verificaci\u00f3n por medio de correo electr\u00f3nico. Los montos y cuotas mostrados en esta plataforma son establecidas por la <strong>UNIVERSIDAD MODELO DE NAYARIT<\/strong> y son v\u00e1lidos solamente para los pagos realizados en este sitio web.<\/p>\n\n\n\n<h2 class=\"wp-block-heading has-text-align-center has-base-color has-text-color has-link-color wp-elements-6093d2bfac12625710343db550c8af40\">Comprobaci\u00f3n antifraude <\/h2>\n\n\n\n<p>El pago realizado por el usuario puede ser aplazado para la comprobaci\u00f3n antifraude. Tambi\u00e9n puede ser suspendida por m\u00e1s tiempo para una investigaci\u00f3n m\u00e1s rigurosa, para evitar transacciones fraudulentas.<\/p>\n\n\n\n<h2 class=\"wp-block-heading has-text-align-center has-base-color has-text-color has-link-color wp-elements-0b739f9f966370499ff83eb240b68e0d\">OPENPAY<\/h2>\n\n\n\n<p>Los pagos ser\u00e1n procesados a trav\u00e9s de OPENPAY.<\/p>\n","protected":false},"excerpt":{"rendered":"<p>T\u00e9rminos y condiciones de uso Este contrato describe los t\u00e9rminos y condiciones generales aplicables a los mecanismos de pago de los servicios educativos ofrecidos por la UNIVERSIDAD MODELO DE NAYARIT en cualquiera de sus modalidades: escolarizada, mixta o a distancia. Informaci\u00f3n relevante Es requisito necesario para el uso de los mecanismos de pago que se [&hellip;]<\/p>\n","protected":false},"author":1,"featured_media":0,"parent":0,"menu_order":0,"comment_status":"closed","ping_status":"open","template":"","meta":{"footnotes":""},"class_list":["post-3","page","type-page","status-publish","hentry"],"_links":{"self":[{"href":"https:\/\/wp.unimodelonayarit.edu.mx\/index.php\/wp-json\/wp\/v2\/pages\/3","targetHints":{"allow":["GET"]}}],"collection":[{"href":"https:\/\/wp.unimodelonayarit.edu.mx\/index.php\/wp-json\/wp\/v2\/pages"}],"about":[{"href":"https:\/\/wp.unimodelonayarit.edu.mx\/index.php\/wp-json\/wp\/v2\/types\/page"}],"author":[{"embeddable":true,"href":"https:\/\/wp.unimodelonayarit.edu.mx\/index.php\/wp-json\/wp\/v2\/users\/1"}],"replies":[{"embeddable":true,"href":"https:\/\/wp.unimodelonayarit.edu.mx\/index.php\/wp-json\/wp\/v2\/comments?post=3"}],"version-history":[{"count":5,"href":"https:\/\/wp.unimodelonayarit.edu.mx\/index.php\/wp-json\/wp\/v2\/pages\/3\/revisions"}],"predecessor-version":[{"id":295,"href":"https:\/\/wp.unimodelonayarit.edu.mx\/index.php\/wp-json\/wp\/v2\/pages\/3\/revisions\/295"}],"wp:attachment":[{"href":"https:\/\/wp.unimodelonayarit.edu.mx\/index.php\/wp-json\/wp\/v2\/media?parent=3"}],"curies":[{"name":"wp","href":"https:\/\/api.w.org\/{rel}","templated":true}]}}